{"id":66,"date":"2024-06-09T15:29:04","date_gmt":"2024-06-09T13:29:04","guid":{"rendered":"https:\/\/anciens-fermat.fr\/?page_id=66"},"modified":"2024-06-09T15:29:04","modified_gmt":"2024-06-09T13:29:04","slug":"prix-guy-crouzillac","status":"publish","type":"page","link":"https:\/\/anciens-fermat.fr\/en\/prix-guy-crouzillac\/","title":{"rendered":"Prix Guy CROUZILLAC"},"content":{"rendered":"<div class=\"wp-block-image\">\n<figure class=\"aligncenter size-full\"><img loading=\"lazy\" decoding=\"async\" width=\"120\" height=\"118\" src=\"https:\/\/anciens-fermat.fr\/wp-content\/uploads\/2024\/06\/PhotoCrouzillac.jpg\" alt=\"\" class=\"wp-image-67\"\/><\/figure>\n<\/div>\n\n\n<p>Pour perp\u00e9tuer la tradition de remise de prix \u00e0 des \u00e9l\u00e8ves particuli\u00e8rement m\u00e9ritants, l\u2019association a cr\u00e9\u00e9 le\u00a0<strong><mark style=\"background-color:rgba(0, 0, 0, 0)\" class=\"has-inline-color has-woostify-primary-color\">Prix Guy CROUZILLAC<\/mark>\u00a0<\/strong>rendant ainsi hommage \u00e0 celui qui fut le\u00a0<strong><mark style=\"background-color:rgba(0, 0, 0, 0)\" class=\"has-inline-color has-woostify-primary-color\">secr\u00e9taire g\u00e9n\u00e9ral<\/mark><\/strong>\u00a0de l\u2019association de\u00a0<em><strong><mark style=\"background-color:rgba(0, 0, 0, 0)\" class=\"has-inline-color has-woostify-primary-color\">1978 \u00e0 2001<\/mark><\/strong><\/em>. Ce prix r\u00e9compense chaque ann\u00e9e les projets d\u2019un ou plusieurs \u00e9l\u00e8ves du coll\u00e8ge et du lyc\u00e9e en fonction de leur int\u00e9r\u00eat, de leur originalit\u00e9 et de leur faisabilit\u00e9.<\/p>\n\n\n\n<p>Les dossiers doivent \u00eatre remis \u00e0 l\u2019administration qui les transmettra \u00e0 l\u2019association avant les vacances de f\u00e9vrier. Si vous souhaitez des informations compl\u00e9mentaires sur ce prix, vous pouvez envoyer un message \u00e0&nbsp;<em><strong><a href=\"mailto:anciens.fermat@gmail.com\">anciens.fermat@gmail.com<\/a><\/strong>.<\/em><\/p>\n\n\n\n<p>Pour exemple, il est \u00e0 citer la remise du prix Guy CROUZILLAC 2006, o\u00f9 l\u2019environnement \u00e9tait \u00e0 l\u2019honneur. Dans la salle des Actes (sise dans l&#8217;H\u00f4tel de BERNUY), l\u2019association a remis le Prix Guy\u00a0<strong><mark style=\"background-color:rgba(0, 0, 0, 0)\" class=\"has-inline-color has-woostify-primary-color\">CROUZILLAC<\/mark><\/strong>. Nous avions choisi de r\u00e9compenser 2 projets.<\/p>\n\n\n\n<p>Le premier prix a \u00e9t\u00e9 accord\u00e9 aux \u00e9l\u00e8ves de 5\u00e8me2 et 5\u00e8me 7 pour le projet CALISPH &#8216;AIR qui regroupe des \u00e9l\u00e8ves \u00e0 une \u00e9chelle internationale pour des relev\u00e9s m\u00e9t\u00e9orologiques qui permettent de pr\u00e9ciser les \u00e9tudes climatiques.<\/p>\n\n\n\n<p>Le second projet r\u00e9compens\u00e9 \u00e9tait celui des \u00e9l\u00e8ves de 5\u00e8me 5 pour un projet sur le d\u00e9veloppement durable dans le cadre duquel ils organisaient d\u2019ailleurs ce m\u00eame jour un rendez-vous sur le quai de la Daurade.<\/p>\n\n\n\n<p>Pour la remise de ce prix, se sont r\u00e9unis salle des Actes \u00e9l\u00e8ves, anciens \u00e9l\u00e8ves, les professeurs impliqu\u00e9s dans ces projets, le principal et la principale adjointe. Nous avons profit\u00e9 de ce rassemblement pour organiser une c\u00e9r\u00e9monie en l\u2019honneur de Monsieur AMSLEM, principal du Coll\u00e8ge qui partait \u00e0 la retraite en cette fin d\u2019ann\u00e9e scolaire. Nous avons aussi souhait\u00e9 associer \u00e0 cet \u00e9v\u00e8nement Madame BERNIER, principale adjointe qui quittait le coll\u00e8ge pour un autre \u00e9tablissement et Monsieur TEQUI, notre \u00ab ma\u00eetre d\u2019h\u00f4tel \u00bb, pour son d\u00e9part \u00e0 la retraite. Les nombreux \u00e9changes qui ont suivi autour d\u2019un d\u00e9licieux buffet pr\u00e9par\u00e9 par les cuisiniers nous ont confirm\u00e9 l\u2019int\u00e9r\u00eat de tous pour notre association et l\u2019interaction grandissante entre les \u00e9tablissements et leurs anciens.<\/p>\n\n\n\n<p>Pour terminer sur une note bucolique, nous avons rejoint Mesdames LEPERS et BESSON et leurs \u00e9l\u00e8ves 2\u00e8me laur\u00e9at du Prix Guy CROUZILLAC sur le quai de la Daurade et avons plant\u00e9\u2026 des violettes !!!<\/p>","protected":false},"excerpt":{"rendered":"<p>Pour perp\u00e9tuer la tradition de remise de prix \u00e0 des \u00e9l\u00e8ves particuli\u00e8rement m\u00e9ritants, l\u2019association a cr\u00e9\u00e9 le\u00a0Prix Guy CROUZILLAC\u00a0rendant ainsi hommage \u00e0 celui qui fut le\u00a0secr\u00e9taire g\u00e9n\u00e9ral\u00a0de l\u2019association de\u00a01978 \u00e0 2001. Ce&#8230;<\/p>","protected":false},"author":1,"featured_media":0,"parent":0,"menu_order":0,"comment_status":"closed","ping_status":"closed","template":"","meta":{"footnotes":""},"class_list":["post-66","page","type-page","status-publish","hentry"],"_links":{"self":[{"href":"https:\/\/anciens-fermat.fr\/en\/wp-json\/wp\/v2\/pages\/66","targetHints":{"allow":["GET"]}}],"collection":[{"href":"https:\/\/anciens-fermat.fr\/en\/wp-json\/wp\/v2\/pages"}],"about":[{"href":"https:\/\/anciens-fermat.fr\/en\/wp-json\/wp\/v2\/types\/page"}],"author":[{"embeddable":true,"href":"https:\/\/anciens-fermat.fr\/en\/wp-json\/wp\/v2\/users\/1"}],"replies":[{"embeddable":true,"href":"https:\/\/anciens-fermat.fr\/en\/wp-json\/wp\/v2\/comments?post=66"}],"version-history":[{"count":1,"href":"https:\/\/anciens-fermat.fr\/en\/wp-json\/wp\/v2\/pages\/66\/revisions"}],"predecessor-version":[{"id":68,"href":"https:\/\/anciens-fermat.fr\/en\/wp-json\/wp\/v2\/pages\/66\/revisions\/68"}],"wp:attachment":[{"href":"https:\/\/anciens-fermat.fr\/en\/wp-json\/wp\/v2\/media?parent=66"}],"curies":[{"name":"wp","href":"https:\/\/api.w.org\/{rel}","templated":true}]}}