{"id":64,"date":"2024-06-09T15:28:01","date_gmt":"2024-06-09T13:28:01","guid":{"rendered":"https:\/\/anciens-fermat.fr\/?page_id=64"},"modified":"2025-11-30T17:31:09","modified_gmt":"2025-11-30T16:31:09","slug":"la-vie-de-lassociation","status":"publish","type":"page","link":"https:\/\/anciens-fermat.fr\/en\/la-vie-de-lassociation\/","title":{"rendered":"La vie de l&#8217;Association"},"content":{"rendered":"<p>Le banquet annuel de l\u2019association des anciens de Fermat, rendez-vous incontournable, est l&#8217;occasion de rencontres, de bons moments, de s\u00e9quences \u00e9motions, de souvenirs.&nbsp;<strong><\/strong><\/p>\n\n\n\n<p>Il aura lieu le jeudi 22 janvier 2026.<\/p>\n\n\n\n<p>Il se tiendra dans le r\u00e9fectoire du Lyc\u00e9e \u00e0 partir de 19 h 45 et sera \u00e9labor\u00e9 par les cuisines du Lyc\u00e9e.<\/p>\n\n\n\n<p><\/p>\n\n\n\n<p><strong><mark style=\"background-color:rgba(0, 0, 0, 0)\" class=\"has-inline-color has-woostify-primary-color\">Nous vous rappelons que les conjoints, conjointes sont les bienvenus.<\/mark><\/strong><\/p>","protected":false},"excerpt":{"rendered":"<p>Le banquet annuel de l\u2019association des anciens de Fermat, rendez-vous incontournable, est l&#8217;occasion de rencontres, de bons moments, de s\u00e9quences \u00e9motions, de souvenirs.&nbsp; Il aura lieu le jeudi 22 janvier 2026. Il&#8230;<\/p>","protected":false},"author":1,"featured_media":0,"parent":0,"menu_order":0,"comment_status":"closed","ping_status":"closed","template":"","meta":{"footnotes":""},"class_list":["post-64","page","type-page","status-publish","hentry"],"_links":{"self":[{"href":"https:\/\/anciens-fermat.fr\/en\/wp-json\/wp\/v2\/pages\/64","targetHints":{"allow":["GET"]}}],"collection":[{"href":"https:\/\/anciens-fermat.fr\/en\/wp-json\/wp\/v2\/pages"}],"about":[{"href":"https:\/\/anciens-fermat.fr\/en\/wp-json\/wp\/v2\/types\/page"}],"author":[{"embeddable":true,"href":"https:\/\/anciens-fermat.fr\/en\/wp-json\/wp\/v2\/users\/1"}],"replies":[{"embeddable":true,"href":"https:\/\/anciens-fermat.fr\/en\/wp-json\/wp\/v2\/comments?post=64"}],"version-history":[{"count":2,"href":"https:\/\/anciens-fermat.fr\/en\/wp-json\/wp\/v2\/pages\/64\/revisions"}],"predecessor-version":[{"id":854,"href":"https:\/\/anciens-fermat.fr\/en\/wp-json\/wp\/v2\/pages\/64\/revisions\/854"}],"wp:attachment":[{"href":"https:\/\/anciens-fermat.fr\/en\/wp-json\/wp\/v2\/media?parent=64"}],"curies":[{"name":"wp","href":"https:\/\/api.w.org\/{rel}","templated":true}]}}