{"id":50,"date":"2024-06-09T15:10:38","date_gmt":"2024-06-09T13:10:38","guid":{"rendered":"https:\/\/anciens-fermat.fr\/?page_id=50"},"modified":"2024-06-09T15:10:38","modified_gmt":"2024-06-09T13:10:38","slug":"berceau-du-rugby-a-toulouse","status":"publish","type":"page","link":"https:\/\/anciens-fermat.fr\/en\/berceau-du-rugby-a-toulouse\/","title":{"rendered":"Berceau du rugby \u00e0 Toulouse"},"content":{"rendered":"<p>C\u2019est pendant l\u2019ann\u00e9e scolaire 1893-94 qu\u2019est n\u00e9 le rugby gr\u00e2ce \u00e0 un ma\u00eetre-r\u00e9p\u00e9titeur M.\u00a0<strong><mark style=\"background-color:rgba(0, 0, 0, 0)\" class=\"has-inline-color has-woostify-primary-color\">CLAUSTRE\u00a0<\/mark><\/strong>nouvellement arriv\u00e9 du Havre.<\/p>\n\n\n\n<p>Observant les prouesses de certains \u00e9l\u00e8ves aux barres parall\u00e8les alors install\u00e9es dans la cour, il eut l\u2019id\u00e9e de proposer \u00e0 ces jeunes sportifs, la cr\u00e9ation au Lyc\u00e9e d\u2019un jeu d\u2019\u00e9quipe d\u2019importation anglaise \u00ab le foot-ball rugby \u00bb. Les jeudis apr\u00e8s-midi furent alors consacr\u00e9s aux entra\u00eenements \u00e0 la Prairie des Filtres.<\/p>\n\n\n\n<p>On retrouvera plus tard six joueurs de la premi\u00e8re \u00e9quipe, photographi\u00e9e en mai\u00a0<strong><mark style=\"background-color:rgba(0, 0, 0, 0)\" class=\"has-inline-color has-woostify-primary-color\">1895<\/mark><\/strong>, dans l\u2019\u00e9quipe du Stade Toulousain issue de clubs \u00e9tudiants.<\/p>\n\n\n\n<p>Des clubs \u00e9tudiants qui seront aussi \u00e0 l\u2019origine de la diffusion du rugby dans toute la r\u00e9gion; pendant les championnats scolaires se rencontrent des \u00e9quipes telles que la Violette de Toulouse (l\u2019\u00e9quipe du Lyc\u00e9e), les Gen\u00eats de Bagn\u00e8res-de-Bigorre, la Quercynoise de Cahors, les Perce-neige de Foix ou les Izards de Lourdes.<\/p>","protected":false},"excerpt":{"rendered":"<p>C\u2019est pendant l\u2019ann\u00e9e scolaire 1893-94 qu\u2019est n\u00e9 le rugby gr\u00e2ce \u00e0 un ma\u00eetre-r\u00e9p\u00e9titeur M.\u00a0CLAUSTRE\u00a0nouvellement arriv\u00e9 du Havre. Observant les prouesses de certains \u00e9l\u00e8ves aux barres parall\u00e8les alors install\u00e9es dans la cour, il&#8230;<\/p>","protected":false},"author":1,"featured_media":0,"parent":0,"menu_order":0,"comment_status":"closed","ping_status":"closed","template":"","meta":{"footnotes":""},"class_list":["post-50","page","type-page","status-publish","hentry"],"_links":{"self":[{"href":"https:\/\/anciens-fermat.fr\/en\/wp-json\/wp\/v2\/pages\/50","targetHints":{"allow":["GET"]}}],"collection":[{"href":"https:\/\/anciens-fermat.fr\/en\/wp-json\/wp\/v2\/pages"}],"about":[{"href":"https:\/\/anciens-fermat.fr\/en\/wp-json\/wp\/v2\/types\/page"}],"author":[{"embeddable":true,"href":"https:\/\/anciens-fermat.fr\/en\/wp-json\/wp\/v2\/users\/1"}],"replies":[{"embeddable":true,"href":"https:\/\/anciens-fermat.fr\/en\/wp-json\/wp\/v2\/comments?post=50"}],"version-history":[{"count":1,"href":"https:\/\/anciens-fermat.fr\/en\/wp-json\/wp\/v2\/pages\/50\/revisions"}],"predecessor-version":[{"id":51,"href":"https:\/\/anciens-fermat.fr\/en\/wp-json\/wp\/v2\/pages\/50\/revisions\/51"}],"wp:attachment":[{"href":"https:\/\/anciens-fermat.fr\/en\/wp-json\/wp\/v2\/media?parent=50"}],"curies":[{"name":"wp","href":"https:\/\/api.w.org\/{rel}","templated":true}]}}