{"id":155,"date":"2024-06-09T19:15:24","date_gmt":"2024-06-09T17:15:24","guid":{"rendered":"https:\/\/anciens-fermat.fr\/?page_id=155"},"modified":"2024-06-09T19:15:24","modified_gmt":"2024-06-09T17:15:24","slug":"louis-drouot","status":"publish","type":"page","link":"https:\/\/anciens-fermat.fr\/en\/louis-drouot\/","title":{"rendered":"Louis DROUOT"},"content":{"rendered":"<div class=\"wp-block-media-text is-stacked-on-mobile\" style=\"grid-template-columns:27% auto\"><figure class=\"wp-block-media-text__media\"><img loading=\"lazy\" decoding=\"async\" width=\"220\" height=\"260\" src=\"https:\/\/anciens-fermat.fr\/wp-content\/uploads\/2024\/06\/Livre-pyrenees.jpg\" alt=\"\" class=\"wp-image-156 size-full\" srcset=\"https:\/\/anciens-fermat.fr\/wp-content\/uploads\/2024\/06\/Livre-pyrenees.jpg 220w, https:\/\/anciens-fermat.fr\/wp-content\/uploads\/2024\/06\/Livre-pyrenees-128x151.jpg 128w\" sizes=\"auto, (max-width: 220px) 100vw, 220px\" \/><\/figure><div class=\"wp-block-media-text__content\">\n<h2 class=\"wp-block-heading\">Pyr\u00e9n\u00e9es, fugue en sol sauvage<\/h2>\n\n\n\n<p>Apr\u00e8s des \u00e9tudes au Lyc\u00e9e Pierre de Fermat, Louis DROUOT devient ing\u00e9nieur et s\u2019installe \u00e0 Paris pour notamment y cr\u00e9er puis d\u00e9velopper un cabinet de conseil technique et scientifique. Passionn\u00e9 de montagne et de terres rudes, il a toujours gard\u00e9 dans son c\u0153ur une place tr\u00e8s particuli\u00e8re pour les Pyr\u00e9n\u00e9es auxquelles il consacre un magnifique ouvrage, r\u00e9cit d\u2019une randonn\u00e9e.<\/p>\n<\/div><\/div>","protected":false},"excerpt":{"rendered":"<p>Pyr\u00e9n\u00e9es, fugue en sol sauvage Apr\u00e8s des \u00e9tudes au Lyc\u00e9e Pierre de Fermat, Louis DROUOT devient ing\u00e9nieur et s\u2019installe \u00e0 Paris pour notamment y cr\u00e9er puis d\u00e9velopper un cabinet de conseil technique&#8230;<\/p>","protected":false},"author":1,"featured_media":0,"parent":0,"menu_order":0,"comment_status":"closed","ping_status":"closed","template":"","meta":{"footnotes":""},"class_list":["post-155","page","type-page","status-publish","hentry"],"_links":{"self":[{"href":"https:\/\/anciens-fermat.fr\/en\/wp-json\/wp\/v2\/pages\/155","targetHints":{"allow":["GET"]}}],"collection":[{"href":"https:\/\/anciens-fermat.fr\/en\/wp-json\/wp\/v2\/pages"}],"about":[{"href":"https:\/\/anciens-fermat.fr\/en\/wp-json\/wp\/v2\/types\/page"}],"author":[{"embeddable":true,"href":"https:\/\/anciens-fermat.fr\/en\/wp-json\/wp\/v2\/users\/1"}],"replies":[{"embeddable":true,"href":"https:\/\/anciens-fermat.fr\/en\/wp-json\/wp\/v2\/comments?post=155"}],"version-history":[{"count":1,"href":"https:\/\/anciens-fermat.fr\/en\/wp-json\/wp\/v2\/pages\/155\/revisions"}],"predecessor-version":[{"id":157,"href":"https:\/\/anciens-fermat.fr\/en\/wp-json\/wp\/v2\/pages\/155\/revisions\/157"}],"wp:attachment":[{"href":"https:\/\/anciens-fermat.fr\/en\/wp-json\/wp\/v2\/media?parent=155"}],"curies":[{"name":"wp","href":"https:\/\/api.w.org\/{rel}","templated":true}]}}