{"id":134,"date":"2024-06-09T18:55:50","date_gmt":"2024-06-09T16:55:50","guid":{"rendered":"https:\/\/anciens-fermat.fr\/?page_id=134"},"modified":"2024-06-09T18:55:50","modified_gmt":"2024-06-09T16:55:50","slug":"une-laicite-avant-gardiste","status":"publish","type":"page","link":"https:\/\/anciens-fermat.fr\/en\/une-laicite-avant-gardiste\/","title":{"rendered":"Une la\u00efcit\u00e9 avant gardiste"},"content":{"rendered":"<p>Alors que les familles conservatrices toulousaines souhaitent un enseignement dispens\u00e9 par des eccl\u00e9siastiques, le lyc\u00e9e donne le ton d\u00e8s 1796 avec une orientation tr\u00e8s la\u00efque et une large place laiss\u00e9e aux pr\u00e9occupations civiques (De Picot de Lapeyrouse y enseignait avant de devenir maire de Toulouse et de revendiquer pour sa ville la cr\u00e9ation d\u2019un Lyc\u00e9e imp\u00e9rial).<\/p>\n\n\n\n<p>Cette la\u00efcit\u00e9, qui parfois cohabite avec une discipline tr\u00e8s militaire, marquera toujours le Lyc\u00e9e qui favorisera les id\u00e9es lib\u00e9rales et \u00e9voluera lentement mais s\u00fbrement vers une totale ind\u00e9pendance vis-\u00e0-vis de l\u2019\u00e9glise (m\u00eame si, ponctuellement, un proviseur eccl\u00e9siastique est nomm\u00e9 pour tenter de ralentir le d\u00e9part des \u00ab fils de bonne famille \u00bb vers l\u2019enseignement priv\u00e9 catholique).<\/p>","protected":false},"excerpt":{"rendered":"<p>Alors que les familles conservatrices toulousaines souhaitent un enseignement dispens\u00e9 par des eccl\u00e9siastiques, le lyc\u00e9e donne le ton d\u00e8s 1796 avec une orientation tr\u00e8s la\u00efque et une large place laiss\u00e9e aux pr\u00e9occupations&#8230;<\/p>","protected":false},"author":1,"featured_media":0,"parent":0,"menu_order":0,"comment_status":"closed","ping_status":"closed","template":"","meta":{"footnotes":""},"class_list":["post-134","page","type-page","status-publish","hentry"],"_links":{"self":[{"href":"https:\/\/anciens-fermat.fr\/en\/wp-json\/wp\/v2\/pages\/134","targetHints":{"allow":["GET"]}}],"collection":[{"href":"https:\/\/anciens-fermat.fr\/en\/wp-json\/wp\/v2\/pages"}],"about":[{"href":"https:\/\/anciens-fermat.fr\/en\/wp-json\/wp\/v2\/types\/page"}],"author":[{"embeddable":true,"href":"https:\/\/anciens-fermat.fr\/en\/wp-json\/wp\/v2\/users\/1"}],"replies":[{"embeddable":true,"href":"https:\/\/anciens-fermat.fr\/en\/wp-json\/wp\/v2\/comments?post=134"}],"version-history":[{"count":1,"href":"https:\/\/anciens-fermat.fr\/en\/wp-json\/wp\/v2\/pages\/134\/revisions"}],"predecessor-version":[{"id":135,"href":"https:\/\/anciens-fermat.fr\/en\/wp-json\/wp\/v2\/pages\/134\/revisions\/135"}],"wp:attachment":[{"href":"https:\/\/anciens-fermat.fr\/en\/wp-json\/wp\/v2\/media?parent=134"}],"curies":[{"name":"wp","href":"https:\/\/api.w.org\/{rel}","templated":true}]}}