{"id":132,"date":"2024-06-09T18:55:28","date_gmt":"2024-06-09T16:55:28","guid":{"rendered":"https:\/\/anciens-fermat.fr\/?page_id=132"},"modified":"2024-06-09T18:55:28","modified_gmt":"2024-06-09T16:55:28","slug":"quelques-chiffres","status":"publish","type":"page","link":"https:\/\/anciens-fermat.fr\/en\/quelques-chiffres\/","title":{"rendered":"Quelques chiffres"},"content":{"rendered":"<p>1807 : 217 \u00e9l\u00e8ves<br>1811 : 400 \u00e9l\u00e8ves<br>1876 : 1100 \u00e9l\u00e8ves dont 442 pour le petit Lyc\u00e9e et 138 internes<br>1950 : 2400 \u00e9l\u00e8ves<br>1960 : 4022 \u00e9l\u00e8ves dont 1000 \u00e0 l\u2019annexe de St Cyprien<\/p>\n\n\n\n<p>Aujourd\u2019hui : 3000 \u00e9l\u00e8ves dont 1000 au Coll\u00e8ge, 1100 au Lyc\u00e9e et 900 en Classes Pr\u00e9paratoires.<\/p>","protected":false},"excerpt":{"rendered":"<p>1807 : 217 \u00e9l\u00e8ves1811 : 400 \u00e9l\u00e8ves1876 : 1100 \u00e9l\u00e8ves dont 442 pour le petit Lyc\u00e9e et 138 internes1950 : 2400 \u00e9l\u00e8ves1960 : 4022 \u00e9l\u00e8ves dont 1000 \u00e0 l\u2019annexe de St Cyprien&#8230;<\/p>","protected":false},"author":1,"featured_media":0,"parent":0,"menu_order":0,"comment_status":"closed","ping_status":"closed","template":"","meta":{"footnotes":""},"class_list":["post-132","page","type-page","status-publish","hentry"],"_links":{"self":[{"href":"https:\/\/anciens-fermat.fr\/en\/wp-json\/wp\/v2\/pages\/132","targetHints":{"allow":["GET"]}}],"collection":[{"href":"https:\/\/anciens-fermat.fr\/en\/wp-json\/wp\/v2\/pages"}],"about":[{"href":"https:\/\/anciens-fermat.fr\/en\/wp-json\/wp\/v2\/types\/page"}],"author":[{"embeddable":true,"href":"https:\/\/anciens-fermat.fr\/en\/wp-json\/wp\/v2\/users\/1"}],"replies":[{"embeddable":true,"href":"https:\/\/anciens-fermat.fr\/en\/wp-json\/wp\/v2\/comments?post=132"}],"version-history":[{"count":1,"href":"https:\/\/anciens-fermat.fr\/en\/wp-json\/wp\/v2\/pages\/132\/revisions"}],"predecessor-version":[{"id":133,"href":"https:\/\/anciens-fermat.fr\/en\/wp-json\/wp\/v2\/pages\/132\/revisions\/133"}],"wp:attachment":[{"href":"https:\/\/anciens-fermat.fr\/en\/wp-json\/wp\/v2\/media?parent=132"}],"curies":[{"name":"wp","href":"https:\/\/api.w.org\/{rel}","templated":true}]}}