{"id":128,"date":"2024-06-09T18:54:53","date_gmt":"2024-06-09T16:54:53","guid":{"rendered":"https:\/\/anciens-fermat.fr\/?page_id=128"},"modified":"2024-06-09T18:54:53","modified_gmt":"2024-06-09T16:54:53","slug":"un-grand-mathematicien","status":"publish","type":"page","link":"https:\/\/anciens-fermat.fr\/en\/un-grand-mathematicien\/","title":{"rendered":"Un grand math\u00e9maticien"},"content":{"rendered":"<p>N\u00e9 en\u00a0<strong><mark style=\"background-color:rgba(0, 0, 0, 0)\" class=\"has-inline-color has-woostify-primary-color\">1601\u00a0<\/mark><\/strong>\u00e0<strong>\u00a0<\/strong>Beaumont de Lomagne, Pierre de Fermat ne se destinait pas aux math\u00e9matiques puisque apr\u00e8s un passage au Lyc\u00e9e, alors Coll\u00e8ge j\u00e9suite, il commen\u00e7a des \u00e9tudes de droit et devint magistrat.Il fut d\u2019ailleurs conseiller au Parlement de Castres \u00e0 partir de 1631.<\/p>\n\n\n\n<p>Les math\u00e9matiques \u00e9taient donc une passion pour laquelle il montra un g\u00e9nie certain puisqu\u2019il contribua avec Descartes \u00e0 la cr\u00e9ation de la g\u00e9om\u00e9trie analytique et \u00e0 celle du calcul infinit\u00e9simal avec Newton et Leibniz. Mais il est avant tout c\u00e9l\u00e8bre pour avoir fond\u00e9 la th\u00e9orie moderne des nombres. Sa conjecture la plus c\u00e9l\u00e8bre est la suivante : &#8221; un cube n\u2019est jamais la somme de deux cubes, une puissance quatri\u00e8me n\u2019est jamais la somme de deux puissances quatri\u00e8me et plus g\u00e9n\u00e9ralement aucune puissance sup\u00e9rieure stricte \u00e0 2 n\u2019est la somme de deux puissances analogues. J\u2019ai trouv\u00e9 une merveilleuse d\u00e9monstration de cette proposition mais je ne peux l\u2019\u00e9crire dans cette marge car elle est trop longue.&#8221;<\/p>\n\n\n\n<p>On ne trouva aucune trace de la d\u00e9monstration de ce qui devint le th\u00e9or\u00e8me de Fermat, et il fallut attendre\u00a0<mark style=\"background-color:rgba(0, 0, 0, 0)\" class=\"has-inline-color has-woostify-primary-color\"><strong>1994<\/strong>\u00a0<\/mark>pour qu\u2019il soit enti\u00e8rement r\u00e9solu par un math\u00e9maticien anglais&#8230; sa d\u00e9monstration prend environ 1000 pages.<\/p>","protected":false},"excerpt":{"rendered":"<p>N\u00e9 en\u00a01601\u00a0\u00e0\u00a0Beaumont de Lomagne, Pierre de Fermat ne se destinait pas aux math\u00e9matiques puisque apr\u00e8s un passage au Lyc\u00e9e, alors Coll\u00e8ge j\u00e9suite, il commen\u00e7a des \u00e9tudes de droit et devint magistrat.Il fut&#8230;<\/p>","protected":false},"author":1,"featured_media":0,"parent":0,"menu_order":0,"comment_status":"closed","ping_status":"closed","template":"","meta":{"footnotes":""},"class_list":["post-128","page","type-page","status-publish","hentry"],"_links":{"self":[{"href":"https:\/\/anciens-fermat.fr\/en\/wp-json\/wp\/v2\/pages\/128","targetHints":{"allow":["GET"]}}],"collection":[{"href":"https:\/\/anciens-fermat.fr\/en\/wp-json\/wp\/v2\/pages"}],"about":[{"href":"https:\/\/anciens-fermat.fr\/en\/wp-json\/wp\/v2\/types\/page"}],"author":[{"embeddable":true,"href":"https:\/\/anciens-fermat.fr\/en\/wp-json\/wp\/v2\/users\/1"}],"replies":[{"embeddable":true,"href":"https:\/\/anciens-fermat.fr\/en\/wp-json\/wp\/v2\/comments?post=128"}],"version-history":[{"count":1,"href":"https:\/\/anciens-fermat.fr\/en\/wp-json\/wp\/v2\/pages\/128\/revisions"}],"predecessor-version":[{"id":129,"href":"https:\/\/anciens-fermat.fr\/en\/wp-json\/wp\/v2\/pages\/128\/revisions\/129"}],"wp:attachment":[{"href":"https:\/\/anciens-fermat.fr\/en\/wp-json\/wp\/v2\/media?parent=128"}],"curies":[{"name":"wp","href":"https:\/\/api.w.org\/{rel}","templated":true}]}}