{"id":126,"date":"2024-06-09T18:54:18","date_gmt":"2024-06-09T16:54:18","guid":{"rendered":"https:\/\/anciens-fermat.fr\/?page_id=126"},"modified":"2024-07-02T00:31:08","modified_gmt":"2024-07-01T22:31:08","slug":"des-etablissements-de-renom","status":"publish","type":"page","link":"https:\/\/anciens-fermat.fr\/en\/des-etablissements-de-renom\/","title":{"rendered":"Des \u00e9tablissements de renom"},"content":{"rendered":"<div class=\"wp-block-image\">\n<figure class=\"aligncenter size-full\"><img loading=\"lazy\" decoding=\"async\" width=\"533\" height=\"400\" src=\"https:\/\/anciens-fermat.fr\/wp-content\/uploads\/2024\/06\/P1100373_1-1.jpg\" alt=\"\" class=\"wp-image-122\" srcset=\"https:\/\/anciens-fermat.fr\/wp-content\/uploads\/2024\/06\/P1100373_1-1.jpg 533w, https:\/\/anciens-fermat.fr\/wp-content\/uploads\/2024\/06\/P1100373_1-1-128x96.jpg 128w, https:\/\/anciens-fermat.fr\/wp-content\/uploads\/2024\/06\/P1100373_1-1-300x225.jpg 300w\" sizes=\"auto, (max-width: 533px) 100vw, 533px\" \/><\/figure>\n<\/div>\n\n\n<p>Au cours des si\u00e8cles, les prestigieux \u00e9tablissements que sont le Coll\u00e8ge et le Lyc\u00e9e Pierre de Fermat n\u2019ont jamais failli aux traditions d\u2019excellence et d\u2019ouverture qui les caract\u00e9risent.<\/p>\n\n\n\n<p>Leur histoire est particuli\u00e8rement riche et passionnante. Le Lyc\u00e9e de Toulouse prend le nom de Lyc\u00e9e Pierre de Fermat par un arr\u00eat\u00e9 minist\u00e9riel en date du 15 janvier 1957.<\/p>","protected":false},"excerpt":{"rendered":"<p>Au cours des si\u00e8cles, les prestigieux \u00e9tablissements que sont le Coll\u00e8ge et le Lyc\u00e9e Pierre de Fermat n\u2019ont jamais failli aux traditions d\u2019excellence et d\u2019ouverture qui les caract\u00e9risent. Leur histoire est particuli\u00e8rement&#8230;<\/p>","protected":false},"author":1,"featured_media":0,"parent":0,"menu_order":0,"comment_status":"closed","ping_status":"closed","template":"","meta":{"footnotes":""},"class_list":["post-126","page","type-page","status-publish","hentry"],"_links":{"self":[{"href":"https:\/\/anciens-fermat.fr\/en\/wp-json\/wp\/v2\/pages\/126","targetHints":{"allow":["GET"]}}],"collection":[{"href":"https:\/\/anciens-fermat.fr\/en\/wp-json\/wp\/v2\/pages"}],"about":[{"href":"https:\/\/anciens-fermat.fr\/en\/wp-json\/wp\/v2\/types\/page"}],"author":[{"embeddable":true,"href":"https:\/\/anciens-fermat.fr\/en\/wp-json\/wp\/v2\/users\/1"}],"replies":[{"embeddable":true,"href":"https:\/\/anciens-fermat.fr\/en\/wp-json\/wp\/v2\/comments?post=126"}],"version-history":[{"count":3,"href":"https:\/\/anciens-fermat.fr\/en\/wp-json\/wp\/v2\/pages\/126\/revisions"}],"predecessor-version":[{"id":324,"href":"https:\/\/anciens-fermat.fr\/en\/wp-json\/wp\/v2\/pages\/126\/revisions\/324"}],"wp:attachment":[{"href":"https:\/\/anciens-fermat.fr\/en\/wp-json\/wp\/v2\/media?parent=126"}],"curies":[{"name":"wp","href":"https:\/\/api.w.org\/{rel}","templated":true}]}}